{"id":7,"date":"2022-05-13T13:48:51","date_gmt":"2022-05-13T16:48:51","guid":{"rendered":"https:\/\/misiondelarte.com\/?page_id=7"},"modified":"2022-05-21T14:13:45","modified_gmt":"2022-05-21T17:13:45","slug":"acerca-de","status":"publish","type":"page","link":"https:\/\/misiondelarte.com\/?page_id=7","title":{"rendered":"Acerca de"},"content":{"rendered":"\n<p>El p. Rodrigo Miranda es sacerdote y misionero del Instituto del Verbo Encarnado. Durante toda su vida, tambi\u00e9n, se ha dedicado al arte, trabajando en diversas disciplinas art\u00edsticas y medios; ha realizado diferentes estudios en el campo del arte; y ha ense\u00f1ado en varias instituciones y pa\u00edses en el mundo.<\/p>\n\n\n\n<p>Estudi\u00f3 en la Academia de Bellas Artes de Chile, especializ\u00e1ndose en Pintura, Grabado y Escultura. Fue profesor asistente de la catedra de anatom\u00eda art\u00edstica. Se dedic\u00f3 a las artes visuales en varias disciplinas. Participo con \u00e9xito en varios concursos nacionales e internacionales, obteniendo varios premios y menciones.<\/p>\n\n\n\n<p>Estudi\u00f3 Patrimonio Cultural de la Iglesia en la Pontificia Universidad Gregoriana de Roma. Realiz\u00f3 un Master en ex\u00e9gesis e historia de la imagen y el arte sagrado. Ha realizado estudios espec\u00edficos sobre artistas, periodos e ideas de la historia y filosof\u00eda del arte en lugares como el museo del Prado en Madrid, El Louvre en Paris, El Metropolitan en New York, La National Gallery en Washington, el Museo Pushkin de Mosc\u00fa y el Hermitage de San Petersburgo, los Museos Vaticanos de Roma, entre otros. Ha realizado postgrados en Post-modernismo y literatura; y en Post-humanismo y arte. Actualmente est\u00e1 estudiando filosof\u00eda, teor\u00eda e historia de la m\u00fasica y la composici\u00f3n musical.<\/p>\n\n\n\n<p>Ha publicado diversos art\u00edculos sobre el arte, la imagen, la historia y la iconolog\u00eda en publicaciones cient\u00edficas.<\/p>\n\n\n\n<p>Ha dado clases en la Universidad Urbaniana de Roma para la formaci\u00f3n de los superiores de congregaciones religiosas en el \u00e1rea de educaci\u00f3n art\u00edstica y cultural para el clero.<\/p>\n\n\n\n<p>Actualmente es profesor de Filosof\u00eda, Teolog\u00eda e Historia de las ideas del arte en Estados Unidos, Am\u00e9rica Latina e Italia. Realiza cursos intensivos y ciclos art\u00edsticos en todo el mundo; Es gu\u00eda a grupos por los diversos circuitos art\u00edsticos del mundo. Lleva adelante el canal Misi\u00f3n del Arte en la plataforma YouTube y el sitio web misiondelarte.<\/p>\n","protected":false},"excerpt":{"rendered":"<div class=\"entry-summary\">\nEl p. Rodrigo Miranda es sacerdote y misionero del Instituto del Verbo Encarnado. Durante toda su vida, tambi\u00e9n, se ha&hellip;\n<\/div>\n<div class=\"link-more\"><a href=\"https:\/\/misiondelarte.com\/?page_id=7\" class=\"more-link\">Continuar leyendo<span class=\"screen-reader-text\"> &ldquo;Acerca de&rdquo;<\/span>&hellip;<\/a><\/div>\n","protected":false},"author":1,"featured_media":0,"parent":0,"menu_order":0,"comment_status":"closed","ping_status":"closed","template":"","meta":{"_acf_changed":false,"footnotes":""},"class_list":["post-7","page","type-page","status-publish","hentry","entry"],"acf":[],"_links":{"self":[{"href":"https:\/\/misiondelarte.com\/index.php?rest_route=\/wp\/v2\/pages\/7","targetHints":{"allow":["GET"]}}],"collection":[{"href":"https:\/\/misiondelarte.com\/index.php?rest_route=\/wp\/v2\/pages"}],"about":[{"href":"https:\/\/misiondelarte.com\/index.php?rest_route=\/wp\/v2\/types\/page"}],"author":[{"embeddable":true,"href":"https:\/\/misiondelarte.com\/index.php?rest_route=\/wp\/v2\/users\/1"}],"replies":[{"embeddable":true,"href":"https:\/\/misiondelarte.com\/index.php?rest_route=%2Fwp%2Fv2%2Fcomments&post=7"}],"version-history":[{"count":2,"href":"https:\/\/misiondelarte.com\/index.php?rest_route=\/wp\/v2\/pages\/7\/revisions"}],"predecessor-version":[{"id":167,"href":"https:\/\/misiondelarte.com\/index.php?rest_route=\/wp\/v2\/pages\/7\/revisions\/167"}],"wp:attachment":[{"href":"https:\/\/misiondelarte.com\/index.php?rest_route=%2Fwp%2Fv2%2Fmedia&parent=7"}],"curies":[{"name":"wp","href":"https:\/\/api.w.org\/{rel}","templated":true}]}}